{"id":5484,"date":"2016-04-04T11:47:12","date_gmt":"2016-04-04T08:47:12","guid":{"rendered":"http:\/\/www.lennundusmuuseum.ee\/?page_id=5484\/"},"modified":"2026-01-27T14:58:57","modified_gmt":"2026-01-27T12:58:57","slug":"demoleht","status":"publish","type":"page","link":"https:\/\/www.lennundusmuuseum.ee\/lv\/","title":{"rendered":"S\u0101kumlapa"},"content":{"rendered":"<div class=\"front1\">\n<div class=\"holder\">\n<div class=\"text\">\n<h1>Igaunijas Avi\u0101cijas muzejs<\/h1>\n<p>Pildot inovat\u012bva intere\u0161u centra funkciju tehnikas joma, Igaunijas Avi\u0101cijas muzejs populariz\u0113 in\u017eenierizgl\u012bt\u012bbu. Muzeja darb\u012bba galvenok\u0101rt ir orient\u0113ta uz jaunatni\u00a0 \u2013 skol\u0113niem, studentiem, bru\u0146oto sp\u0113ku karav\u012briem un jaunaj\u0101m \u0123imen\u0113m. Ekspoz\u012bcij\u0101 apskat\u0101mas 25 lidma\u0161\u012bnas un helikopteri, p\u0101rst\u0101vot Eiropas un ASV avi\u0101cijas tehniku, k\u0101 ar\u012b gaisa aizsardz\u012bbas iero\u010di \u2013 gaisa aizsardz\u012bbas lielgabali un visi zemes-gaisa ra\u0137e\u0161u eksempl\u0101ri, kas PSRS period\u0101 atrad\u0101s Igaunijas teritorij\u0101. Mode\u013cu kolekcija ietver vair\u0101k nek\u0101 400 augstv\u0113rt\u012bgu lidma\u0161\u012bnu, helikopteru un ra\u0137e\u0161u maketu.<\/p>\n<p>Emocijas un atkl\u0101\u0161anas prieku apmekl\u0113t\u0101jiem sag\u0101d\u0101 ar\u012b da\u017e\u0101das atrakcijas \u2013 batuti un izplet\u0146l\u0113k\u0161anas, Amerikas kalni\u0146u un pilot\u0113\u0161anas simulatori, k\u0101 ar\u012b katapults, kas drosm\u012bg\u0101kos interesentus uzmet 20 m augstum\u0101. Igaunijas Avi\u0101cijas muzej\u0101 iesp\u0113jams organiz\u0113t lekcijas, uz\u0146\u0113mumu un \u0123imenes pas\u0101kumus. Laipni l\u016bgti! Aizraujo\u0161u atkl\u0101jumu \u0161eit pietiks visiem!<\/p>\n<ul class=\"links\">\n<li><a href=\"https:\/\/www.lennundusmuuseum.ee\/lv\/par-muzeju\/\">Par muzeju<\/a><\/li>\n<li><a href=\"https:\/\/www.lennundusmuuseum.ee\/lv\/kontakt\/\">Kontakti<\/a><\/li>\n<\/ul>\n<\/div>\n<div class=\"img illustration01\"><\/div>\n<\/div>\n<\/div>\n<div class=\"front1\">\n<div class=\"holder\">\n<div class=\"img illustration02\"><\/div>\n<div class=\"text\" style=\"background-color: #e2f1ff;\">\n<h2>Igaunijas Avi\u0101cijas dienas 2026 notiks Igaunijas Avi\u0101cijas muzej\u0101 6.\u20137. j\u016bnij\u0101.<\/h2>\n<p>Galven\u0101s uzst\u0101\u0161an\u0101s uzst\u0101sies Baltic Bees reakt\u012bvo lidma\u0161\u012bnu grupa un NATO dro\u0161\u012bbas izn\u012bcin\u0101t\u0101ji. <b>Sekojiet s\u012bk\u0101kai <a href=\"https:\/\/www.lennundusmuuseum.ee\/lv\/igaunijas-aviacijas-dienas-2017\/\">inform\u0101cijai dr\u012bzum\u0101<\/a>. <\/b>Bi\u013cetes uz Igaunijas Avi\u0101cijas dien\u0101m var ieg\u0101d\u0101ties uz vietas vai vietn\u0113 <a class=\"\" href=\"https:\/\/www.piletitasku.ee\/en\/performance\/24396\" target=\"_new\" rel=\"noopener\" data-start=\"290\" data-end=\"308\">www.piletitasku.ee<\/a>.<br \/>\n<!--\n\n\n<ul class=\"links\">\n \t\n\n<li><a href=\"[post id='21']\">Las\u012bt vair\u0101k<\/a><\/li>\n\n\n<\/ul>\n\n\n--><\/p>\n<\/div>\n<\/div>\n<\/div>\n<div class=\"front1\">\n<div class=\"holder\">\n<div class=\"text\">\n<h2>Apciemojiet m\u016bs!<\/h2>\n<p>Nodibin\u0101jums Igaunijas Avi\u0101cijas muzejs,<br \/>\nVeskiorg, Langes ciems, H\u0101slavas pagasts, 62115 Tartu apri\u0146\u0137is<br \/>\nN58\u00b017\u201916.5\u2033, E26\u00b045\u201951.01\u2033<\/p>\n<p><strong>Muzejs ir atv\u0113rts 2026. gad\u0101 no 25. apr\u012b\u013ca l\u012bdz 25. oktobrim:<\/strong><\/p>\n<ul>\n<li><strong>25. apr\u012blis \u2013 22. maijs:<\/strong>\u00a011.00\u201316.00<\/li>\n<li><strong>23. maijs \u2013 13. septembris:<\/strong>\u00a010.00\u201318.00<\/li>\n<li><strong>14. septembris \u2013 25. oktobris:<\/strong>\u00a011.00\u201316.00<\/li>\n<li><strong>26.10.2026\u201324.04.2027 Sl\u0113gts<\/strong><\/li>\n<\/ul>\n<p><em>Citos laikos muzejs ir pieejams grup\u0101m ar iepriek\u0161\u0113ju pieteik\u0161anos.<\/em><\/p>\n<p>Grupu apmekl\u0113jumu l\u016bdzam iepriek\u0161 pieteikt pa t\u0101lruni +372 58539093 vai e-pastu: <a href=\"mailto:info@lennundusmuuseum.ee\">info@lennundusmuuseum.ee<\/a><\/p>\n<ul class=\"links\">\n<li><a href=\"https:\/\/www.lennundusmuuseum.ee\/lv\/kontakt\/\">Bi\u013ce\u0161u cenas<\/a><\/li>\n<li><a href=\"https:\/\/www.google.ee\/maps\/place\/Eesti+Lennundusmuuseum+SA\/@58.2882915,26.7631549,17z\/data=!3m1!4b1!4m2!3m1!1s0x46eb3a6200ee416d:0xf6eb96c28d4fa9ed?hl=en\" target=\"_blank\" rel=\"noopener noreferrer\">Liela karte<\/a><\/li>\n<li><a href=\"https:\/\/www.facebook.com\/Estonian-Aviation-Museum-Eesti-Lennundusmuuseum-201469347987\/\" target=\"_blank\" rel=\"noopener noreferrer\">Facebook<\/a><\/li>\n<\/ul>\n<\/div>\n<div class=\"img\">\n<div id=\"smallmap\"><!-- map --><\/div>\n<\/div>\n<\/div>\n<\/div>\n","protected":false},"excerpt":{"rendered":"<p>Igaunijas Avi\u0101cijas muzejs Pildot inovat\u012bva intere\u0161u centra funkciju tehnikas joma, Igaunijas Avi\u0101cijas muzejs populariz\u0113 in\u017eenierizgl\u012bt\u012bbu. Muzeja darb\u012bba galvenok\u0101rt ir orient\u0113ta uz jaunatni\u00a0 \u2013 skol\u0113niem, studentiem, bru\u0146oto sp\u0113ku karav\u012briem un jaunaj\u0101m \u0123imen\u0113m. Ekspoz\u012bcij\u0101 apskat\u0101mas 25 lidma\u0161\u012bnas un helikopteri, p\u0101rst\u0101vot Eiropas un ASV avi\u0101cijas tehniku, k\u0101 ar\u012b gaisa aizsardz\u012bbas iero\u010di \u2013 gaisa aizsardz\u012bbas lielgabali un visi zemes-gaisa&#8230;  <a class=\"excerpt-read-more\" href=\"https:\/\/www.lennundusmuuseum.ee\/lv\/\" title=\"Read S\u0101kumlapa\">Read more &raquo;<\/a><\/p>\n","protected":false},"author":1,"featured_media":0,"parent":0,"menu_order":1,"comment_status":"closed","ping_status":"open","template":"page-front.php","meta":{"footnotes":""},"class_list":["post-5484","page","type-page","status-publish","hentry"],"_links":{"self":[{"href":"https:\/\/www.lennundusmuuseum.ee\/lv\/wp-json\/wp\/v2\/pages\/5484"}],"collection":[{"href":"https:\/\/www.lennundusmuuseum.ee\/lv\/wp-json\/wp\/v2\/pages"}],"about":[{"href":"https:\/\/www.lennundusmuuseum.ee\/lv\/wp-json\/wp\/v2\/types\/page"}],"author":[{"embeddable":true,"href":"https:\/\/www.lennundusmuuseum.ee\/lv\/wp-json\/wp\/v2\/users\/1"}],"replies":[{"embeddable":true,"href":"https:\/\/www.lennundusmuuseum.ee\/lv\/wp-json\/wp\/v2\/comments?post=5484"}],"version-history":[{"count":24,"href":"https:\/\/www.lennundusmuuseum.ee\/lv\/wp-json\/wp\/v2\/pages\/5484\/revisions"}],"predecessor-version":[{"id":71415,"href":"https:\/\/www.lennundusmuuseum.ee\/lv\/wp-json\/wp\/v2\/pages\/5484\/revisions\/71415"}],"wp:attachment":[{"href":"https:\/\/www.lennundusmuuseum.ee\/lv\/wp-json\/wp\/v2\/media?parent=5484"}],"curies":[{"name":"wp","href":"https:\/\/api.w.org\/{rel}","templated":true}]}}