{"id":5492,"date":"2017-05-19T09:40:01","date_gmt":"2017-05-19T06:40:01","guid":{"rendered":"http:\/\/www.lennundusmuuseum.ee\/?page_id=5492\/"},"modified":"2017-05-20T16:14:16","modified_gmt":"2017-05-20T13:14:16","slug":"par-muzeju","status":"publish","type":"page","link":"https:\/\/www.lennundusmuuseum.ee\/lv\/par-muzeju\/","title":{"rendered":"Par muzeju"},"content":{"rendered":"<p>Avi\u0101cijas muzeju spilgti raksturo t\u0101 apak\u0161vien\u012bbas. Liel\u0101k\u0101 un noz\u012bm\u012bg\u0101k\u0101 ir br\u012bvdabas ekspoz\u012bcj\u0101 eso\u0161\u0101 avi\u0101cijas tehnikas noda\u013ca, kur ir 21 lidma\u0161\u012bna un 4 helikopteri. \u0160eit apskat\u0101mi izn\u012bcin\u0101t\u0101ji Saab JA 37 Viggen, Mirage IIIRS, MiG-21bis, MiG-23MLD, MiG-25,\u00a0F-104 Starfighter, Saab 35 Draken, bumbved\u0113js Su-24, izn\u012bcin\u0101t\u0101ji-uzbruc\u0113ji JAK-28PP, Su-22M4, Saab J32E Lansen, treni\u0146u lidma\u0161\u012bnas TS-11 Iskra, L-39, Aero L-39 Delfin, Hawk HW-326, A-22, pasa\u017eieru lidma\u0161\u012bnas An-2, JAK-40, Tu-134A un helikopteri Mil Mi-2RL, Mil Mi-8, S-300, Ka-26.<br \/>\nIek\u0161\u0113j\u0101s ekspoz\u012bcijas avi\u0101cijas tehnikas un nes\u0113jra\u0137e\u0161u mode\u013cu kolekcij\u0101, kas izvietota galven\u0101s \u0113kas tr\u012bs st\u0101vos 450 m2 liel\u0101 plat\u012bb\u0101, ir apm\u0113ram \u010detrsimt no avi\u0101cijas v\u0113stures viedok\u013ca noz\u012bm\u012bgu augstv\u0113rt\u012bgu lidma\u0161\u012bnu mode\u013cu. J\u016bras gaisa sp\u0113ku noda\u013c\u0101 iesp\u0113jams apl\u016bkot lidma\u0161\u012bnu b\u0101zes ku\u0123a, desantku\u0123a un j\u016bras gaisa sp\u0113ku lidma\u0161\u012bnu mode\u013cus. Motoru noda\u013ca iepaz\u012bstina ar lidma\u0161\u012bnu motoriem, muzeja laukum\u0101 eso\u0161aj\u0101 gaisa sp\u0113ku noda\u013c\u0101 ir p\u0101rst\u0101v\u0113tas visas zemes-gaisa ra\u0137etes, kas PSRS period\u0101 atrad\u0101s Igaunijas teritorij\u0101. Bez muzeja apskates interesentiem iesp\u0113jams apmekl\u0113t ar\u012b t\u0101das atrakcijas k\u0101 20 m augsts katapults, Amerikas kalni\u0146u, pilot\u0113\u0161anas un izplet\u0146l\u0113k\u0161anas simulatori un batuti.<\/p>\n<ul class=\"gallery\"><li><a href=\"https:\/\/www.lennundusmuuseum.ee\/wp-content\/uploads\/2016\/04\/ELM.jpg\" target=\"_blank\" data-large=\"https:\/\/www.lennundusmuuseum.ee\/wp-content\/uploads\/2016\/04\/ELM-1200x800.jpg\" data-title=\"\" data-excerpt=\"\"><img decoding=\"async\" src=\"https:\/\/www.lennundusmuuseum.ee\/wp-content\/uploads\/2016\/04\/ELM-300x200.jpg\" alt=\"\"><\/a><\/li><li><a href=\"https:\/\/www.lennundusmuuseum.ee\/wp-content\/uploads\/2016\/04\/1ph2j8pz37avf1npk1fc.jpg\" target=\"_blank\" data-large=\"https:\/\/www.lennundusmuuseum.ee\/wp-content\/uploads\/2016\/04\/1ph2j8pz37avf1npk1fc-1198x800.jpg\" data-title=\"\" data-excerpt=\"\"><img decoding=\"async\" src=\"https:\/\/www.lennundusmuuseum.ee\/wp-content\/uploads\/2016\/04\/1ph2j8pz37avf1npk1fc-300x200.jpg\" alt=\"\"><\/a><\/li><li><a href=\"https:\/\/www.lennundusmuuseum.ee\/wp-content\/uploads\/2016\/04\/cunynbzk_x1h.jpg\" target=\"_blank\" data-large=\"https:\/\/www.lennundusmuuseum.ee\/wp-content\/uploads\/2016\/04\/cunynbzk_x1h-1200x800.jpg\" data-title=\"\" data-excerpt=\"\"><img decoding=\"async\" src=\"https:\/\/www.lennundusmuuseum.ee\/wp-content\/uploads\/2016\/04\/cunynbzk_x1h-300x200.jpg\" alt=\"\"><\/a><\/li><\/ul>\n<h2>Uzzi\u0146ai<\/h2>\n<ul>\n<li>1903.\u00a0g. \u2013 tiek veikts pirmais motoriz\u0113tais lidojums cilv\u0113ces v\u0113stur\u0113. Igaunijas \u013caudis s\u0101k izr\u0101d\u012bt lielu interesi par avi\u0101ciju.<\/li>\n<li>1908.\u00a0g. \u2013 Igaunij\u0101 ar Medriku mui\u017enieku, baronu W. A.v Kaulbarsu priek\u0161gal\u0101 tiek dibin\u0101ts Krievijas \u0136eizariskais aero klubs.<\/li>\n<li>1910.\u00a0g. \u2013 Tartu studenti sa\u0146em at\u013cauju r\u012bkot apm\u0101c\u012bbas kursus gaisa satiksm\u0113.<\/li>\n<li>1912.\u00a0g. \u2013 S.\u00a0Uto\u010dkins Tartu pils\u0113t\u0101 veic pirmo lido\u0161anas paraugdemonstr\u0113jumu Igaunij\u0101.<\/li>\n<li>1918.\u00a0g. \u2013 Igaunijas Gaisa sp\u0113ku dibin\u0101\u0161anas gads.<\/li>\n<\/ul>\n<p>Otr\u0101 pasaules kara priek\u0161vakars \u2013 Igaunijas Gaisa sp\u0113kiem pieder 65 lidma\u0161\u012bnas.<\/p>\n<p>P\u0113c Igaunijas okup\u0101cijas:<\/p>\n<ul>\n<li>visas igau\u0146u lidma\u0161\u012bnas tiek rekviz\u0113tas, t\u0101s tiek aizvestas uz PSRS vai ar\u012b tiek likvid\u0113tas;<\/li>\n<li>visas Igaunijas avi\u0101cijas vien\u012bbas tiek likvid\u0113tas;<\/li>\n<li>papildus p\u0101r\u0113jiem 1565 padomju varas gados Igaunijas teritorij\u0101 izveidotajiem kara objektiem Tartu pils\u0113t\u0101 no biju\u0161\u0101 R\u0101di lidlauka tiek izb\u016bv\u0113ts otrais liel\u0101kais kara lidlauks Austrumeirop\u0101;<\/li>\n<li>No Tartu pils\u0113tas centra divu kilometru att\u0101lum\u0101 eso\u0161aj\u0101 lidlauk\u0101 tiek padoti starti kodolreakt\u012bvo bumbved\u0113ju grup\u0101m, tostarp ar\u012b b\u0113d\u012bgi slavenajam Tu-22M \u201eBackfire\u201d bumbved\u0113jam;<\/li>\n<li>Igaunijas otr\u0101 liel\u0101k\u0101 un Eiropas viena no sen\u0101kaj\u0101m universit\u0101tes pils\u0113t\u0101m n\u0101kamos 50 gadus \u0101rzemniekiem tiek pasludin\u0101ta par sl\u0113gtu.<\/li>\n<\/ul>\n<p>V\u0113r\u0101 \u0146emams fakts \u2013 2002.\u00a0gada 14.\u00a0j\u016bnij\u0101 Tartu tiek atv\u0113rts Avi\u0101cijas muzejs.\u00a0Tartu Avi\u0101cijas muzeja dibin\u0101\u0161anas ideja \u2013 ne tik daudz uzsv\u0113rt v\u0113sturi, cik v\u0113lmi nodot t\u0101l\u0101k ar avi\u0101ciju saist\u012bt\u0101s zin\u0101\u0161anas jaunie\u0161iem, kuriem ir interese pret \u0161o nozari.<\/p>\n","protected":false},"excerpt":{"rendered":"<p>Avi\u0101cijas muzeju spilgti raksturo t\u0101 apak\u0161vien\u012bbas. Liel\u0101k\u0101 un noz\u012bm\u012bg\u0101k\u0101 ir br\u012bvdabas ekspoz\u012bcj\u0101 eso\u0161\u0101 avi\u0101cijas tehnikas noda\u013ca, kur ir 21 lidma\u0161\u012bna un 4 helikopteri. \u0160eit apskat\u0101mi izn\u012bcin\u0101t\u0101ji Saab JA 37 Viggen, Mirage IIIRS, MiG-21bis, MiG-23MLD, MiG-25,\u00a0F-104 Starfighter, Saab 35 Draken, bumbved\u0113js Su-24, izn\u012bcin\u0101t\u0101ji-uzbruc\u0113ji JAK-28PP, Su-22M4, Saab J32E Lansen, treni\u0146u lidma\u0161\u012bnas TS-11 Iskra, L-39, Aero L-39 Delfin,&#8230;  <a class=\"excerpt-read-more\" href=\"https:\/\/www.lennundusmuuseum.ee\/lv\/par-muzeju\/\" title=\"Read Par muzeju\">Read more &raquo;<\/a><\/p>\n","protected":false},"author":1,"featured_media":0,"parent":0,"menu_order":3,"comment_status":"closed","ping_status":"closed","template":"","meta":{"footnotes":""},"class_list":["post-5492","page","type-page","status-publish","hentry"],"_links":{"self":[{"href":"https:\/\/www.lennundusmuuseum.ee\/lv\/wp-json\/wp\/v2\/pages\/5492"}],"collection":[{"href":"https:\/\/www.lennundusmuuseum.ee\/lv\/wp-json\/wp\/v2\/pages"}],"about":[{"href":"https:\/\/www.lennundusmuuseum.ee\/lv\/wp-json\/wp\/v2\/types\/page"}],"author":[{"embeddable":true,"href":"https:\/\/www.lennundusmuuseum.ee\/lv\/wp-json\/wp\/v2\/users\/1"}],"replies":[{"embeddable":true,"href":"https:\/\/www.lennundusmuuseum.ee\/lv\/wp-json\/wp\/v2\/comments?post=5492"}],"version-history":[{"count":4,"href":"https:\/\/www.lennundusmuuseum.ee\/lv\/wp-json\/wp\/v2\/pages\/5492\/revisions"}],"predecessor-version":[{"id":5501,"href":"https:\/\/www.lennundusmuuseum.ee\/lv\/wp-json\/wp\/v2\/pages\/5492\/revisions\/5501"}],"wp:attachment":[{"href":"https:\/\/www.lennundusmuuseum.ee\/lv\/wp-json\/wp\/v2\/media?parent=5492"}],"curies":[{"name":"wp","href":"https:\/\/api.w.org\/{rel}","templated":true}]}}