{"id":5496,"date":"2016-04-04T13:42:13","date_gmt":"2016-04-04T10:42:13","guid":{"rendered":"http:\/\/www.lennundusmuuseum.ee\/kontakt\/"},"modified":"2026-01-27T14:34:40","modified_gmt":"2026-01-27T12:34:40","slug":"kontakt","status":"publish","type":"page","link":"https:\/\/www.lennundusmuuseum.ee\/lv\/kontakt\/","title":{"rendered":"Kontakti"},"content":{"rendered":"<p><strong>Muzejs ir atv\u0113rts 2026. gad\u0101 no 25. apr\u012b\u013ca l\u012bdz 25. oktobrim:<\/strong><\/p>\n<ul>\n<li><strong>25. apr\u012blis \u2013 22. maijs:<\/strong>\u00a011.00\u201316.00<\/li>\n<li><strong>23. maijs \u2013 13. septembris:<\/strong>\u00a010.00\u201318.00<\/li>\n<li><strong>14. septembris \u2013 25. oktobris:<\/strong>\u00a011.00\u201316.00<\/li>\n<li><strong>26.10.2026\u201324.04.2027 Sl\u0113gts<\/strong><\/li>\n<\/ul>\n<p><em>Citos laikos muzejs ir pieejams grup\u0101m ar iepriek\u0161\u0113ju pieteik\u0161anos.<\/em><\/p>\n<p>Citos laikos \u012bpa\u0161os gad\u012bjumos uz\u0146emam tikai grupas, iepriek\u0161 piesakoties. Grupu apmekl\u0113jumu l\u016bdzam iepriek\u0161 pieteikt pa t\u0101lruni +372 58539093 vai e-pastu: <a href=\"mailto:info@lennundusmuuseum.ee\">info@lennundusmuuseum.ee<\/a><\/p>\n<p>Atrodamies 16 km att\u0101lum\u0101 no Tartu, Veskioru. Braucot no Tartu pa V\u00f5ru ielu \u00dclenurme virzien\u0101, griezieties pa kreisi uz Haaslava\/ Kurepalu\/ Roiu tee, no turienes p\u0113c 5 kilometriem griezieties pa labi, sekojot nor\u0101dei Lennundusmuuseum. P\u0113c 6 kilometriem b\u016bsiet kl\u0101t.<\/p>\n<h2>Bi\u013ce\u0161u cenas<\/h2>\n<p data-start=\"53\" data-end=\"255\"><strong data-start=\"53\" data-end=\"78\">Parast\u0101 bi\u013cete \u2013 18 \u20ac<\/strong><br data-start=\"78\" data-end=\"81\" \/><strong data-start=\"81\" data-end=\"107\">Atlaides bi\u013cete \u2013 15 \u20ac<\/strong><br data-start=\"107\" data-end=\"110\" \/>Studentiem l\u012bdz 25 gadu vecumam (ieskaitot), vecuma pension\u0101riem, iesaucamajiem, apmekl\u0113t\u0101jiem ar smagu invalidit\u0101ti (pavadonim ieeja bez maksas)<br \/>\n<strong data-start=\"257\" data-end=\"281\">Skol\u0113nu bi\u013cete \u2013 7 \u20ac<\/strong><br data-start=\"281\" data-end=\"284\" \/>Skol\u0113niem vecum\u0101 no 7 l\u012bdz 17 gadiem (ieskaitot)<br \/>\n<strong data-start=\"334\" data-end=\"361\">B\u0113rnud\u0101rza grupa \u2013 30 \u20ac<br \/>\n<\/strong><strong data-start=\"363\" data-end=\"425\">Ekskursija gida pavad\u012bb\u0101 (igau\u0146u vai krievu valod\u0101) \u2013 70 \u20ac<\/strong><br data-start=\"425\" data-end=\"428\" \/>Gidu iesp\u0113jams pas\u016bt\u012bt, rakstot uz e-pastu <a class=\"decorated-link cursor-pointer\" rel=\"noopener\" data-start=\"471\" data-end=\"495\">info@lennundusmuuseum.ee<\/a> vai zvanot pa t\u0101lruni +372 5853 9093.<br \/>\n<strong data-start=\"535\" data-end=\"554\">Bezmaksas ieeja<\/strong><br data-start=\"554\" data-end=\"557\" \/>B\u0113rniem l\u012bdz 6 gadu vecumam (ieskaitot), apmekl\u0113t\u0101jiem rati\u0146kr\u0113sl\u0101 ar pavadoni, grupas gidam, pavado\u0161ajam skolot\u0101jam<br \/>\n<strong data-start=\"675\" data-end=\"727\">Ang\u0101ra noma (pas\u0101kumiem) \u2013 cena p\u0113c piepras\u012bjuma<br \/>\nAtrakcijas par maksu<\/strong><\/p>\n<h2>Kontakti<\/h2>\n<p>Nodibin\u0101jums Igaunijas Avi\u0101cijas muzejs<br \/>\nVeskiorg, Lange, Haaslava vald, 62115 Tartumaa<br \/>\nGPS koordin\u0101tas N58\u00b017\u201916.5\u201d, E26\u00b045\u201951.01\u201d.<\/p>\n<p>T\u0101lrunis: +372 58539093<br \/>\nE-pasts: <a href=\"mailto:info@lennundusmuuseum.ee\">info@lennundusmuuseum.ee<\/a><\/p>\n","protected":false},"excerpt":{"rendered":"<p>Muzejs ir atv\u0113rts 2026. gad\u0101 no 25. apr\u012b\u013ca l\u012bdz 25. oktobrim: 25. apr\u012blis \u2013 22. maijs:\u00a011.00\u201316.00 23. maijs \u2013 13. septembris:\u00a010.00\u201318.00 14. septembris \u2013 25. oktobris:\u00a011.00\u201316.00 26.10.2026\u201324.04.2027 Sl\u0113gts Citos laikos muzejs ir pieejams grup\u0101m ar iepriek\u0161\u0113ju pieteik\u0161anos. Citos laikos \u012bpa\u0161os gad\u012bjumos uz\u0146emam tikai grupas, iepriek\u0161 piesakoties. Grupu apmekl\u0113jumu l\u016bdzam iepriek\u0161 pieteikt pa t\u0101lruni +372 58539093&#8230;  <a class=\"excerpt-read-more\" href=\"https:\/\/www.lennundusmuuseum.ee\/lv\/kontakt\/\" title=\"Read Kontakti\">Read more &raquo;<\/a><\/p>\n","protected":false},"author":1,"featured_media":0,"parent":0,"menu_order":5,"comment_status":"closed","ping_status":"closed","template":"page-contact.php","meta":{"footnotes":""},"class_list":["post-5496","page","type-page","status-publish","hentry"],"_links":{"self":[{"href":"https:\/\/www.lennundusmuuseum.ee\/lv\/wp-json\/wp\/v2\/pages\/5496"}],"collection":[{"href":"https:\/\/www.lennundusmuuseum.ee\/lv\/wp-json\/wp\/v2\/pages"}],"about":[{"href":"https:\/\/www.lennundusmuuseum.ee\/lv\/wp-json\/wp\/v2\/types\/page"}],"author":[{"embeddable":true,"href":"https:\/\/www.lennundusmuuseum.ee\/lv\/wp-json\/wp\/v2\/users\/1"}],"replies":[{"embeddable":true,"href":"https:\/\/www.lennundusmuuseum.ee\/lv\/wp-json\/wp\/v2\/comments?post=5496"}],"version-history":[{"count":11,"href":"https:\/\/www.lennundusmuuseum.ee\/lv\/wp-json\/wp\/v2\/pages\/5496\/revisions"}],"predecessor-version":[{"id":71412,"href":"https:\/\/www.lennundusmuuseum.ee\/lv\/wp-json\/wp\/v2\/pages\/5496\/revisions\/71412"}],"wp:attachment":[{"href":"https:\/\/www.lennundusmuuseum.ee\/lv\/wp-json\/wp\/v2\/media?parent=5496"}],"curies":[{"name":"wp","href":"https:\/\/api.w.org\/{rel}","templated":true}]}}